{"id":7,"date":"2017-02-20T03:10:23","date_gmt":"2017-02-20T02:10:23","guid":{"rendered":"http:\/\/dine.withemes.com\/?page_id=7"},"modified":"2023-09-30T14:53:57","modified_gmt":"2023-09-30T12:53:57","slug":"menu-2","status":"publish","type":"page","link":"https:\/\/marsbar.de\/?page_id=7","title":{"rendered":"Speisen"},"content":{"rendered":"<p>[vc_row full_width=&#8220;stretch_row&#8220; parallax=&#8220;true&#8220; elements_fade=&#8220;true&#8220; css=&#8220;.vc_custom_1643116523092{padding-top: 120px !important;padding-bottom: 140px !important;background: #ffffff url(https:\/\/marsbar.de\/wp-content\/uploads\/2022\/01\/Marsbar-96.jpg?id=2118);background-position: center;background-repeat: no-repeat !important;background-size: cover !important;}&#8220; overlay=&#8220;rgba(0,0,0,0.1)&#8220; el_id=&#8220;mittag&#8220;][vc_column 0=&#8220;&#8220;]<div class=\"dine-element wpb_content_element dine-element-text_slider \" id=\"text_slider-1\"><div data-delay=\"300\" style=\"color:#ffffff;font-size:100px\" data-timer=\"3000\" class=\"cd-headline rotate-3 letters dine-animation-element animation-bottom\"><span class=\"cd-words-wrapper\"><b class=\"is-visible text-slide\">Mittag - Tagesgerichte<\/b><b class=\"text-slide\"> Klassiker und Specials<\/b><\/span><\/div><\/div>[\/vc_column][\/vc_row][vc_row css=&#8220;.vc_custom_1549353061132{padding-top: 50px !important;padding-bottom: 80px !important;}&#8220; el_id=&#8220;tageskarte&#8220;][vc_column 0=&#8220;&#8220;]<div class=\"dine-element wpb_content_element dine-element-heading \" id=\"heading-1\"><div class=\"dine-heading\">\n    \n    <div class=\"heading-container\">\n\n        <h2 class=\"heading-title\">Aktuelle Tageskarte<\/h2>\n    <\/div>\n    \n    \n<\/div><!-- .dine-heading --><\/div>[\/vc_column][vc_column][vc_column_text]<\/p>\n<p style=\"text-align: center;\">Ihr m\u00f6chtet unsere saisonalen und t\u00e4glich wechselnden Lunchgerichte probieren? Diese findet Ihr t\u00e4glich in unserer Instagram Story. Schaut doch gleich mal rein&#8230;<\/p>\n<p>[\/vc_column_text]<div class=\"dine-button button-inline button-center\" id=\"button-1\"><style>#btn-885{color:#ffffff;background:#000000}#btn-885:hover{color:#0a0a0a;background:#ffffff}<\/style><a href=\"https:\/\/www.instagram.com\/marsbar_hamburg\/\" title=\"Zur Instagram Seite\" target=\" _blank\" id=\"btn-885\" class=\"dine-btn btn-primary has-icon\"><span>Zur Instagram Seite<\/span><i class=\"fa fa-cutlery\"><\/i><\/a><\/div>[\/vc_column][\/vc_row][vc_row full_width=&#8220;stretch_row&#8220; parallax=&#8220;true&#8220; elements_fade=&#8220;true&#8220; css=&#8220;.vc_custom_1643116826565{padding-top: 140px !important;padding-bottom: 140px !important;background: #ffffff url(https:\/\/marsbar.de\/wp-content\/uploads\/2017\/02\/kalbscarree.jpg?id=820);background-position: center;background-repeat: no-repeat !important;background-size: cover !important;}&#8220; overlay=&#8220;rgba(0,0,0,0.1)&#8220; el_id=&#8220;dinner&#8220;][vc_column 0=&#8220;&#8220;]<div class=\"dine-element wpb_content_element dine-element-text_slider \" id=\"text_slider-2\"><div data-delay=\"300\" style=\"color:#ffffff;font-size:100px\" data-timer=\"3000\" class=\"cd-headline cd-single-headline dine-animation-element animation-bottom\"><span>...den Feierabend genie\u00dfen<\/span><\/div><\/div>[\/vc_column][\/vc_row][vc_row css=&#8220;.vc_custom_1549353061132{padding-top: 50px !important;padding-bottom: 80px !important;}&#8220;][vc_column 0=&#8220;&#8220;]<div class=\"dine-element wpb_content_element dine-element-heading \" id=\"heading-2\"><div class=\"dine-heading\">\n    \n    <div class=\"heading-container\">\n\n        <h2 class=\"heading-title\">Dinner<\/h2>\n    <\/div>\n    \n        \n    <h4 class=\"heading-subtitle\">\n    \n        Classics, Burger, Pasta, Meat    \n    <\/h4>\n    \n    \n<\/div><!-- .dine-heading --><\/div>[\/vc_column][vc_column][vc_column_text]<\/p>\n<p style=\"text-align: center;\">Ihr m\u00f6chtet zu uns zum Abendessen kommen? Auf unserer Abendkarte findet Ihr die Marsbar Klassiker und t\u00e4glich wechselnde und saisonale Gerichte &#8211; ein Beispiel dieser Gerichte findet Ihr auf Instagram. Schaut doch gleich mal rein&#8230;<\/p>\n<p>[\/vc_column_text]<div class=\"dine-button button-inline button-center\" id=\"button-2\"><style>#btn-638{color:#ffffff;background:#000000}#btn-638:hover{color:#0a0a0a;background:#ffffff}<\/style><a href=\"https:\/\/www.instagram.com\/marsbar_hamburg\/\" title=\"Zur Instagram Seite\" target=\" _blank\" id=\"btn-638\" class=\"dine-btn btn-primary has-icon\"><span>Zur Instagram Seite<\/span><i class=\"fa fa-cutlery\"><\/i><\/a><\/div>[\/vc_column][\/vc_row][vc_row 0=&#8220;&#8220;][vc_column 0=&#8220;&#8220;]<div class=\"dine-element wpb_content_element dine-element-menu\" id=\"menu-1\"><div class=\"dine-menu-wrapper\"><h2 class=\"dine-menu-heading\">Classics<\/h2><div class=\"dine-menu\">\n<div class=\"dine-menu-item\">\n    \n        \n    <div class=\"menu-item-text\">\n    \n        <h3 class=\"menu-item-name\">Ceasar Salad<\/h3>\n\n        <span class=\"menu-item-price\">11,50<\/span>\n\n        <div class=\"menu-item-desc\">\n\n            Romana Salat mit Tomaten, Parmesan, Croutons und ger\u00f6steten Mandeln (nach Wahl mit mit Teriyaki-H\u00fchnchen +5,00 \u20ac, Garnelen +8,00\u20ac , Rind +8,00\u20ac  oder Teriyaki-Lachs +8,00 \u20ac)\n        <\/div>\n        \n    <\/div>\n    \n<\/div><!-- .dine-menu-item -->\n\n\n\n<div class=\"dine-menu-item\">\n    \n        \n    <div class=\"menu-item-text\">\n    \n        <h3 class=\"menu-item-name\">Mediterraner Fischeintopf<\/h3>\n\n        <span class=\"menu-item-price\">14,50<\/span>\n\n        <div class=\"menu-item-desc\">\n\n            \n        <\/div>\n        \n    <\/div>\n    \n<\/div><!-- .dine-menu-item -->\n\n\n\n<div class=\"dine-menu-item\">\n    \n        \n    <div class=\"menu-item-text\">\n    \n        <h3 class=\"menu-item-name\">Beef-Tartar \"Marsbar\" 140 g \/ 180 g<\/h3>\n\n        <span class=\"menu-item-price\">19,50 \/ 24,50<\/span>\n\n        <div class=\"menu-item-desc\">\n\n            mit frittierten Kapern und ger\u00f6stetem Sylter Wei\u00dfbrot\n        <\/div>\n        \n    <\/div>\n    \n<\/div><!-- .dine-menu-item -->\n\n\n\n<div class=\"dine-menu-item\">\n    \n        \n    <div class=\"menu-item-text\">\n    \n        <h3 class=\"menu-item-name\">Vitello Tonnato<\/h3>\n\n        <span class=\"menu-item-price\">16,00<\/span>\n\n        <div class=\"menu-item-desc\">\n\n            \n        <\/div>\n        \n    <\/div>\n    \n<\/div><!-- .dine-menu-item -->\n\n\n\n<div class=\"dine-menu-item\">\n    \n        \n    <div class=\"menu-item-text\">\n    \n        <h3 class=\"menu-item-name\">Burrata <\/h3>\n\n        <span class=\"menu-item-price\">14,50<\/span>\n\n        <div class=\"menu-item-desc\">\n\n            mit marinierter Paprika und Salat\n        <\/div>\n        \n    <\/div>\n    \n<\/div><!-- .dine-menu-item -->\n\n\n\n<div class=\"dine-menu-item\">\n    \n        \n    <div class=\"menu-item-text\">\n    \n        <h3 class=\"menu-item-name\">Gratinierter Ziegenk\u00e4se<\/h3>\n\n        <span class=\"menu-item-price\">14,00<\/span>\n\n        <div class=\"menu-item-desc\">\n\n            auf gemischtem Salat\n        <\/div>\n        \n    <\/div>\n    \n<\/div><!-- .dine-menu-item -->\n\n\n\n<div class=\"dine-menu-item\">\n    \n        \n    <div class=\"menu-item-text\">\n    \n        <h3 class=\"menu-item-name\">Rindercarpaccio<\/h3>\n\n        <span class=\"menu-item-price\">16,50<\/span>\n\n        <div class=\"menu-item-desc\">\n\n            mit Rucola und Parmesan\n        <\/div>\n        \n    <\/div>\n    \n<\/div><!-- .dine-menu-item -->\n\n\n\n<div class=\"dine-menu-item\">\n    \n        \n    <div class=\"menu-item-text\">\n    \n        <h3 class=\"menu-item-name\">Ger\u00f6stetes Sylter Wei\u00dfbrot mit Gem\u00fcse<\/h3>\n\n        <span class=\"menu-item-price\">14,00<\/span>\n\n        <div class=\"menu-item-desc\">\n\n            mit Hummus, Falafel, Rote Beete und Avocado\n        <\/div>\n        \n    <\/div>\n    \n<\/div><!-- .dine-menu-item -->\n\n\n\n<div class=\"dine-menu-item\">\n    \n        \n    <div class=\"menu-item-text\">\n    \n        <h3 class=\"menu-item-name\">Ger\u00f6stetes Sylter Wei\u00dfbrot mit K\u00e4se<\/h3>\n\n        <span class=\"menu-item-price\">15,50<\/span>\n\n        <div class=\"menu-item-desc\">\n\n            mit Tomatenpesto, Ruccola, Pecorino\n        <\/div>\n        \n    <\/div>\n    \n<\/div><!-- .dine-menu-item -->\n\n\n\n<div class=\"dine-menu-item\">\n    \n        \n    <div class=\"menu-item-text\">\n    \n        <h3 class=\"menu-item-name\">Ger\u00f6stetes Sylter Wei\u00dfbrot mit Fleisch<\/h3>\n\n        <span class=\"menu-item-price\">16,50<\/span>\n\n        <div class=\"menu-item-desc\">\n\n            mit Roastbeef, Remoulade, Gurke und Coleslaw\n        <\/div>\n        \n    <\/div>\n    \n<\/div><!-- .dine-menu-item -->\n\n\n<\/div><\/div><\/div><div class=\"dine-element wpb_content_element dine-element-menu\" id=\"menu-2\"><div class=\"dine-menu-wrapper\"><h2 class=\"dine-menu-heading\">Burger<\/h2><div class=\"dine-menu\">\n<div class=\"dine-menu-item\">\n    \n        \n    <div class=\"menu-item-text\">\n    \n        <h3 class=\"menu-item-name\">Mars-Burger<\/h3>\n\n        <span class=\"menu-item-price\">16,50<\/span>\n\n        <div class=\"menu-item-desc\">\n\n            200g Beef mit Cheddar, Bacon, Spiegelei und Burgerso\u00dfe, Tomate, geschmorten Zwiebeln und Salat \n        <\/div>\n        \n    <\/div>\n    \n<\/div><!-- .dine-menu-item -->\n\n\n\n<div class=\"dine-menu-item\">\n    \n        \n    <div class=\"menu-item-text\">\n    \n        <h3 class=\"menu-item-name\">Teriyaki-Burger<\/h3>\n\n        <span class=\"menu-item-price\">17,50<\/span>\n\n        <div class=\"menu-item-desc\">\n\n            200g Beef in Teriyakiso\u00dfe mit Cheddar, Avocado, Salat, frische rote Zwiebeln\n        <\/div>\n        \n    <\/div>\n    \n<\/div><!-- .dine-menu-item -->\n\n\n\n<div class=\"dine-menu-item\">\n    \n        \n    <div class=\"menu-item-text\">\n    \n        <h3 class=\"menu-item-name\">Side: Pommes<\/h3>\n\n        <span class=\"menu-item-price\">4,00<\/span>\n\n        <div class=\"menu-item-desc\">\n\n            \n        <\/div>\n        \n    <\/div>\n    \n<\/div><!-- .dine-menu-item -->\n\n\n\n<div class=\"dine-menu-item\">\n    \n        \n    <div class=\"menu-item-text\">\n    \n        <h3 class=\"menu-item-name\">Side: S\u00fc\u00dfkartoffel-Pommes<\/h3>\n\n        <span class=\"menu-item-price\">5,00<\/span>\n\n        <div class=\"menu-item-desc\">\n\n            \n        <\/div>\n        \n    <\/div>\n    \n<\/div><!-- .dine-menu-item -->\n\n\n\n<div class=\"dine-menu-item\">\n    \n        \n    <div class=\"menu-item-text\">\n    \n        <h3 class=\"menu-item-name\">Side: Rosmarinkartoffeln<\/h3>\n\n        <span class=\"menu-item-price\">5,00<\/span>\n\n        <div class=\"menu-item-desc\">\n\n            \n        <\/div>\n        \n    <\/div>\n    \n<\/div><!-- .dine-menu-item -->\n\n\n\n<div class=\"dine-menu-item\">\n    \n        \n    <div class=\"menu-item-text\">\n    \n        <h3 class=\"menu-item-name\">Side: Coleslaw<\/h3>\n\n        <span class=\"menu-item-price\">4,00<\/span>\n\n        <div class=\"menu-item-desc\">\n\n            \n        <\/div>\n        \n    <\/div>\n    \n<\/div><!-- .dine-menu-item -->\n\n\n\n<div class=\"dine-menu-item\">\n    \n        \n    <div class=\"menu-item-text\">\n    \n        <h3 class=\"menu-item-name\">Side: kleiner Salat<\/h3>\n\n        <span class=\"menu-item-price\">5,00<\/span>\n\n        <div class=\"menu-item-desc\">\n\n            \n        <\/div>\n        \n    <\/div>\n    \n<\/div><!-- .dine-menu-item -->\n\n\n<\/div><\/div><\/div>[vc_column_text][\/vc_column_text][\/vc_column][\/vc_row][vc_section css=&#8220;.vc_custom_1510309265295{padding-top: 80px !important;}&#8220; el_id=&#8220;pasta-main&#8220;][vc_row 0=&#8220;&#8220;][vc_column]<div class=\"dine-element wpb_content_element dine-element-menu\" id=\"menu-3\"><div class=\"dine-menu-wrapper\"><h2 class=\"dine-menu-heading\">Pasta\/ Risotto<\/h2><div class=\"dine-menu\">\n<div class=\"dine-menu-item\">\n    \n        \n    <div class=\"menu-item-text\">\n    \n        <h3 class=\"menu-item-name\">Pasta aglio olio e peperoncino, all\u2019genovese, all\u2019arrabbiata<\/h3>\n\n        <span class=\"menu-item-price\">12,50<\/span>\n\n        <div class=\"menu-item-desc\">\n\n            nach Wahl mit Scampi oder Rindfleisch (+7.00\u20ac)\n        <\/div>\n        \n    <\/div>\n    \n<\/div><!-- .dine-menu-item -->\n\n\n<\/div><\/div><\/div>[\/vc_column][\/vc_row][\/vc_section][vc_section css=&#8220;.vc_custom_1510309274590{padding-top: 80px !important;}&#8220; el_id=&#8220;dessert&#8220;][vc_row css=&#8220;.vc_custom_1510309584343{padding-bottom: 50px !important;}&#8220;][vc_column 0=&#8220;&#8220;]<div class=\"dine-element wpb_content_element dine-element-menu\" id=\"menu-4\"><div class=\"dine-menu-wrapper\"><h2 class=\"dine-menu-heading\">Dessert<\/h2><div class=\"dine-menu\">\n<div class=\"dine-menu-item\">\n    \n        \n    <div class=\"menu-item-text\">\n    \n        <h3 class=\"menu-item-name\">K\u00e4seauswahl<\/h3>\n\n        <span class=\"menu-item-price\">12,50<\/span>\n\n        <div class=\"menu-item-desc\">\n\n            mit Brot und Feigensenf\n        <\/div>\n        \n    <\/div>\n    \n<\/div><!-- .dine-menu-item -->\n\n\n\n<div class=\"dine-menu-item\">\n    \n        \n    <div class=\"menu-item-text\">\n    \n        <h3 class=\"menu-item-name\">Panna Cotta<\/h3>\n\n        <span class=\"menu-item-price\">6,50<\/span>\n\n        <div class=\"menu-item-desc\">\n\n            im Weckglas mit Himbeermark\n        <\/div>\n        \n    <\/div>\n    \n<\/div><!-- .dine-menu-item -->\n\n\n\n<div class=\"dine-menu-item\">\n    \n        \n    <div class=\"menu-item-text\">\n    \n        <h3 class=\"menu-item-name\">Cr\u00e8me Br\u00fbl\u00e9e<\/h3>\n\n        <span class=\"menu-item-price\">8,50<\/span>\n\n        <div class=\"menu-item-desc\">\n\n            mit Vanilleeis\n        <\/div>\n        \n    <\/div>\n    \n<\/div><!-- .dine-menu-item -->\n\n\n\n<div class=\"dine-menu-item\">\n    \n        \n    <div class=\"menu-item-text\">\n    \n        <h3 class=\"menu-item-name\">Schokok\u00fcchlein<\/h3>\n\n        <span class=\"menu-item-price\">9,50<\/span>\n\n        <div class=\"menu-item-desc\">\n\n            mit Fr\u00fcchten und Vanilleeis\n        <\/div>\n        \n    <\/div>\n    \n<\/div><!-- .dine-menu-item -->\n\n\n\n<div class=\"dine-menu-item\">\n    \n        \n    <div class=\"menu-item-text\">\n    \n        <h3 class=\"menu-item-name\">Affogato<\/h3>\n\n        <span class=\"menu-item-price\">6,50 \u20ac<\/span>\n\n        <div class=\"menu-item-desc\">\n\n            Espresso, Vanilleeis, Sahne und Cantuccine\n        <\/div>\n        \n    <\/div>\n    \n<\/div><!-- .dine-menu-item -->\n\n\n<\/div><\/div><\/div>[\/vc_column][\/vc_row][\/vc_section]<\/p>\n","protected":false},"excerpt":{"rendered":"<p>[vc_row full_width=&#8220;stretch_row&#8220; parallax=&#8220;true&#8220; elements_fade=&#8220;true&#8220; css=&#8220;.vc_custom_1643116523092{padding-top: 120px !important;padding-bottom: 140px !important;background: #ffffff url(https:\/\/marsbar.de\/wp-content\/uploads\/2022\/01\/Marsbar-96.jpg?id=2118);background-position: center;background-repeat: no-repeat !important;background-size: cover !important;}&#8220; overlay=&#8220;rgba(0,0,0,0.1)&#8220; el_id=&#8220;mittag&#8220;][vc_column 0=&#8220;&#8220;][\/vc_column][\/vc_row][vc_row css=&#8220;.vc_custom_1549353061132{padding-top: 50px !important;padding-bottom: 80px !important;}&#8220; el_id=&#8220;tageskarte&#8220;][vc_column 0=&#8220;&#8220;][\/vc_column][vc_column][vc_column_text] Ihr m\u00f6chtet unsere saisonalen und t\u00e4glich wechselnden Lunchgerichte probieren? Diese findet Ihr t\u00e4glich in unserer Instagram Story. Schaut doch gleich mal rein&#8230; [\/vc_column_text][\/vc_column][\/vc_row][vc_row full_width=&#8220;stretch_row&#8220; parallax=&#8220;true&#8220; elements_fade=&#8220;true&#8220; css=&#8220;.vc_custom_1643116826565{padding-top: 140px !important;padding-bottom: &hellip; <\/p>\n","protected":false},"author":1,"featured_media":2128,"parent":0,"menu_order":0,"comment_status":"closed","ping_status":"closed","template":"","meta":{"footnotes":""},"class_list":["post-7","page","type-page","status-publish","has-post-thumbnail","hentry"],"_links":{"self":[{"href":"https:\/\/marsbar.de\/index.php?rest_route=\/wp\/v2\/pages\/7"}],"collection":[{"href":"https:\/\/marsbar.de\/index.php?rest_route=\/wp\/v2\/pages"}],"about":[{"href":"https:\/\/marsbar.de\/index.php?rest_route=\/wp\/v2\/types\/page"}],"author":[{"embeddable":true,"href":"https:\/\/marsbar.de\/index.php?rest_route=\/wp\/v2\/users\/1"}],"replies":[{"embeddable":true,"href":"https:\/\/marsbar.de\/index.php?rest_route=%2Fwp%2Fv2%2Fcomments&post=7"}],"version-history":[{"count":950,"href":"https:\/\/marsbar.de\/index.php?rest_route=\/wp\/v2\/pages\/7\/revisions"}],"predecessor-version":[{"id":2239,"href":"https:\/\/marsbar.de\/index.php?rest_route=\/wp\/v2\/pages\/7\/revisions\/2239"}],"wp:featuredmedia":[{"embeddable":true,"href":"https:\/\/marsbar.de\/index.php?rest_route=\/wp\/v2\/media\/2128"}],"wp:attachment":[{"href":"https:\/\/marsbar.de\/index.php?rest_route=%2Fwp%2Fv2%2Fmedia&parent=7"}],"curies":[{"name":"wp","href":"https:\/\/api.w.org\/{rel}","templated":true}]}}