{"id":11,"date":"2017-02-20T03:10:36","date_gmt":"2017-02-20T03:10:36","guid":{"rendered":"http:\/\/dine.withemes.com\/?page_id=11"},"modified":"2022-10-05T15:17:25","modified_gmt":"2022-10-05T13:17:25","slug":"contact","status":"publish","type":"page","link":"https:\/\/marsbar.de\/?page_id=11","title":{"rendered":"Kontakt"},"content":{"rendered":"<p>[vc_row][vc_column][vc_column_text]<\/p>\n<p style=\"text-align: center;\">Sendet uns gerne eure Fragen oder Anregungen per E-Mail zu. Wir melden uns so schnell wir k\u00f6nnen zur\u00fcck.<br \/>\nEinen Tisch k\u00f6nnt ihr ganz einfach online \u00fcber unser Reservierungsformular oder auch gerne telefonisch bestellen.<br \/>\nWir freuen uns auf euren Besuch!<\/p>\n<p>[\/vc_column_text][\/vc_column][\/vc_row][vc_row][vc_column width=&#8220;1\/3&#8243;][vc_column_text]<\/p>\n<h4>Marsbar<\/h4>\n<p>Stra\u00dfenbahnring 2<br \/>\n20251 Hamburg<\/p>\n<h4>Tel<\/h4>\n<p><a href=\"tel:+494046009950\">040 46009950<\/a><\/p>\n<h4>Email<\/h4>\n<p><a href=\"mailto:info@marsbar-hamburg.de\">info@marsbar-hamburg.de<\/a>[\/vc_column_text]\n<div class=\"dine-icon-wrapper icon-wrapper-inline\">\n    \n    <a style=\"width:24px;height:24px;line-height:20px\" title=\"Like uns!\" href=\"https:\/\/www.facebook.com\/Marsbar-162748123799724\" target=\" _blank\" class=\"dine-icon\"><span class=\"icon\"><i class=\"fa fa-facebook\"><\/i><\/span><\/a>    \n<\/div><!-- .dine-icon-wrapper -->\n<div class=\"dine-icon-wrapper icon-wrapper-inline\">\n    \n    <a style=\"width:24px;height:24px;line-height:20px\" title=\"Instagram\" href=\"https:\/\/www.instagram.com\/marsbar_hamburg\/\" target=\" _blank\" class=\"dine-icon\"><span class=\"icon\"><i class=\"fa fa-instagram\"><\/i><\/span><\/a>    \n<\/div><!-- .dine-icon-wrapper -->[\/vc_column][vc_column width=&#8220;2\/3&#8243;][vc_gmaps link=&#8220;#E-8_JTNDaWZyYW1lJTIwc3JjJTNEJTIyaHR0cHMlM0ElMkYlMkZ3d3cuZ29vZ2xlLmNvbSUyRm1hcHMlMkZlbWJlZCUzRnBiJTNEJTIxMW0xOCUyMTFtMTIlMjExbTMlMjExZDIzNjguNjUzODg1OTIwMjIyJTIxMmQ5Ljk3NTQ1NjQ1MTc5ODU5MyUyMTNkNTMuNTgxNzkzNDc5OTMwOTYlMjEybTMlMjExZjAlMjEyZjAlMjEzZjAlMjEzbTIlMjExaTEwMjQlMjEyaTc2OCUyMTRmMTMuMSUyMTNtMyUyMTFtMiUyMTFzMHg0N2IxODhiNTJiZDkwYTdiJTI1M0EweDc0ZmFkMmVhZTkyYWRmYTglMjEyc1N0cmElMjVDMyUyNTlGZW5iYWhucmluZyUyQjIlMjUyQyUyQjIwMjUxJTJCSGFtYnVyZyUyMTVlMCUyMTNtMiUyMTFzZGUlMjEyc2RlJTIxNHYxNTQ2ODgyNTUzODU3JTIyJTIwd2lkdGglM0QlMjI2MDAlMjIlMjBoZWlnaHQlM0QlMjI0NTAlMjIlMjBmcmFtZWJvcmRlciUzRCUyMjAlMjIlMjBzdHlsZSUzRCUyMmJvcmRlciUzQTAlMjIlMjBhbGxvd2Z1bGxzY3JlZW4lM0UlM0MlMkZpZnJhbWUlM0U=&#8220; size=&#8220;&#8220;][\/vc_column][\/vc_row][vc_row][vc_column]<div class=\"dine-element wpb_content_element dine-element-opentable\" id=\"opentable-1\"><div class=\"dine-opentable-wrapper\">\n\n        \n    <div class=\"dine-opentable-header\">\n        \n        <h2 class=\"dine-opentable-heading\">Online-Reservierung<\/h2>\n\n        <h3 class=\"dine-opentable-credits\">Powered by OpenTable<\/h3>\n        \n    <\/div>\n    \n        \n    <form class=\"reservation-form\" action=\"\/\/www.opentable.com\/restaurant-search.aspx\" target=\"_blank\">\n        \n        <div class=\"row\">\n            \n            <div class=\"col col-1-3 col-size\">\n                \n                <div class=\"dine-nice-select\">\n                    \n                    <a href=\"#\">2 persons<\/a>\n\n                    <select name=\"partySize\">\n\n                        \n                        <option value=\"1\">1 person<\/option>\n\n                        \n                        <option value=\"2\" selected='selected'>2 persons<\/option>\n\n                        \n                        <option value=\"3\">3 persons<\/option>\n\n                        \n                        <option value=\"4\">4 persons<\/option>\n\n                        \n                        <option value=\"5\">5 persons<\/option>\n\n                        \n                        <option value=\"6\">6 persons<\/option>\n\n                        \n                        <option value=\"7\">7 persons<\/option>\n\n                        \n                        <option value=\"8\">8 persons<\/option>\n\n                        \n                        <option value=\"9\">9 persons<\/option>\n\n                        \n                        <option value=\"10\">10 persons<\/option>\n\n                        \n                    <\/select>\n                    \n                <\/div>\n                \n            <\/div>\n            \n            <div class=\"col col-1-3 col-date\">\n        \n                <input class=\"dine-datepicker\" type=\"text\" value=\"30. April 2026\" data-options='[]' \/>\n                \n                <input type=\"hidden\" name=\"startDate\" value=\"2026-04-30\" \/>\n                \n            <\/div>\n            \n            <div class=\"col col-1-3 col-time\">\n                \n                <div class=\"dine-nice-select\">\n                    \n                    <a href=\"#\">7:00 PM<\/a>\n        \n                    <select name=\"ResTime\">\n\n                        \n                        <option value=\"7:00am\">7:00 AM<\/option>\n\n                        \n                        <option value=\"7:30am\">7:30 AM<\/option>\n\n                        \n                        <option value=\"8:00am\">8:00 AM<\/option>\n\n                        \n                        <option value=\"8:30am\">8:30 AM<\/option>\n\n                        \n                        <option value=\"9:00am\">9:00 AM<\/option>\n\n                        \n                        <option value=\"9:30am\">9:30 AM<\/option>\n\n                        \n                        <option value=\"10:00am\">10:00 AM<\/option>\n\n                        \n                        <option value=\"10:30am\">10:30 AM<\/option>\n\n                        \n                        <option value=\"11:00am\">11:00 AM<\/option>\n\n                        \n                        <option value=\"11:30am\">11:30 AM<\/option>\n\n                        \n                        <option value=\"12:00pm\">12:00 PM<\/option>\n\n                        \n                        <option value=\"12:30pm\">12:30 PM<\/option>\n\n                        \n                        <option value=\"1:00pm\">1:00 PM<\/option>\n\n                        \n                        <option value=\"1:30pm\">1:30 PM<\/option>\n\n                        \n                        <option value=\"2:00pm\">2:00 PM<\/option>\n\n                        \n                        <option value=\"2:30pm\">2:30 PM<\/option>\n\n                        \n                        <option value=\"3:00pm\">3:00 PM<\/option>\n\n                        \n                        <option value=\"3:30pm\">3:30 PM<\/option>\n\n                        \n                        <option value=\"4:00pm\">4:00 PM<\/option>\n\n                        \n                        <option value=\"4:30pm\">4:30 PM<\/option>\n\n                        \n                        <option value=\"5:00pm\">5:00 PM<\/option>\n\n                        \n                        <option value=\"5:30pm\">5:30 PM<\/option>\n\n                        \n                        <option value=\"6:00pm\">6:00 PM<\/option>\n\n                        \n                        <option value=\"6:30pm\">6:30 PM<\/option>\n\n                        \n                        <option value=\"7:00pm\" selected='selected'>7:00 PM<\/option>\n\n                        \n                        <option value=\"7:30pm\">7:30 PM<\/option>\n\n                        \n                        <option value=\"8:00pm\">8:00 PM<\/option>\n\n                        \n                        <option value=\"8:30pm\">8:30 PM<\/option>\n\n                        \n                        <option value=\"9:00pm\">9:00 PM<\/option>\n\n                        \n                        <option value=\"9:30pm\">9:30 PM<\/option>\n\n                        \n                        <option value=\"10:00pm\">10:00 PM<\/option>\n\n                        \n                        <option value=\"10:30pm\">10:30 PM<\/option>\n\n                        \n                        <option value=\"11:00pm\">11:00 PM<\/option>\n\n                        \n                        <option value=\"11:30pm\">11:30 PM<\/option>\n\n                        \n                    <\/select>\n                    \n                <\/div>\n                \n            <\/div>\n            \n        <\/div><!-- .row -->\n        \n        <input type=\"hidden\" name=\"RestaurantID\" class=\"RestaurantID\" value=\"#274074\">\n        <input type=\"hidden\" name=\"GeoID\" class=\"GeoID\" value=\"15\">\n        <input type=\"hidden\" name=\"rid\" value=\"#274074\" \/>\n        <input type=\"hidden\" name=\"txtDateFormat\" class=\"txtDateFormat\" value=\"yyyy-MM-dd\">\n        <input type=\"hidden\" name=\"RestaurantReferralID\" class=\"RestaurantReferralID\" value=\"#274074\">\n        \n        <input type=\"submit\" value=\"Submit\" \/>\n        \n    <\/form>\n    \n<\/div><\/div>[\/vc_column][\/vc_row][vc_row][vc_column]<div class=\"dine-element wpb_content_element dine-element-heading \" id=\"heading-1\"><div class=\"dine-heading\">\n    \n    <div class=\"heading-container\">\n\n        <h2 class=\"heading-title\"><\/h2>\n    <\/div>\n    \n    \n<\/div><!-- .dine-heading --><\/div>[vc_column_text css=&#8220;.vc_custom_1505378190966{padding-top: 15px !important;}&#8220;]<script type=\"text\/javascript\" src=\"https:\/\/www.gastronavi.de\/restaurants\/13596\/scripts\/reservation\" async><\/script>[\/vc_column_text][\/vc_column][\/vc_row]<\/p>\n","protected":false},"excerpt":{"rendered":"<p>[vc_row][vc_column][vc_column_text] Sendet uns gerne eure Fragen oder Anregungen per E-Mail zu. Wir melden uns so schnell wir k\u00f6nnen zur\u00fcck. Einen Tisch k\u00f6nnt ihr ganz einfach online \u00fcber unser Reservierungsformular oder auch gerne telefonisch bestellen. Wir freuen uns auf euren Besuch! [\/vc_column_text][\/vc_column][\/vc_row][vc_row][vc_column width=&#8220;1\/3&#8243;][vc_column_text] Marsbar Stra\u00dfenbahnring 2 20251 Hamburg Tel 040 46009950 Email info@marsbar-hamburg.de[\/vc_column_text][\/vc_column][vc_column width=&#8220;2\/3&#8243;][vc_gmaps link=&#8220;#E-8_JTNDaWZyYW1lJTIwc3JjJTNEJTIyaHR0cHMlM0ElMkYlMkZ3d3cuZ29vZ2xlLmNvbSUyRm1hcHMlMkZlbWJlZCUzRnBiJTNEJTIxMW0xOCUyMTFtMTIlMjExbTMlMjExZDIzNjguNjUzODg1OTIwMjIyJTIxMmQ5Ljk3NTQ1NjQ1MTc5ODU5MyUyMTNkNTMuNTgxNzkzNDc5OTMwOTYlMjEybTMlMjExZjAlMjEyZjAlMjEzZjAlMjEzbTIlMjExaTEwMjQlMjEyaTc2OCUyMTRmMTMuMSUyMTNtMyUyMTFtMiUyMTFzMHg0N2IxODhiNTJiZDkwYTdiJTI1M0EweDc0ZmFkMmVhZTkyYWRmYTglMjEyc1N0cmElMjVDMyUyNTlGZW5iYWhucmluZyUyQjIlMjUyQyUyQjIwMjUxJTJCSGFtYnVyZyUyMTVlMCUyMTNtMiUyMTFzZGUlMjEyc2RlJTIxNHYxNTQ2ODgyNTUzODU3JTIyJTIwd2lkdGglM0QlMjI2MDAlMjIlMjBoZWlnaHQlM0QlMjI0NTAlMjIlMjBmcmFtZWJvcmRlciUzRCUyMjAlMjIlMjBzdHlsZSUzRCUyMmJvcmRlciUzQTAlMjIlMjBhbGxvd2Z1bGxzY3JlZW4lM0UlM0MlMkZpZnJhbWUlM0U=&#8220; size=&#8220;&#8220;][\/vc_column][\/vc_row][vc_row][vc_column][\/vc_column][\/vc_row][vc_row][vc_column][vc_column_text &hellip; <\/p>\n","protected":false},"author":1,"featured_media":2014,"parent":0,"menu_order":0,"comment_status":"closed","ping_status":"closed","template":"","meta":{"footnotes":""},"class_list":["post-11","page","type-page","status-publish","has-post-thumbnail","hentry"],"_links":{"self":[{"href":"https:\/\/marsbar.de\/index.php?rest_route=\/wp\/v2\/pages\/11"}],"collection":[{"href":"https:\/\/marsbar.de\/index.php?rest_route=\/wp\/v2\/pages"}],"about":[{"href":"https:\/\/marsbar.de\/index.php?rest_route=\/wp\/v2\/types\/page"}],"author":[{"embeddable":true,"href":"https:\/\/marsbar.de\/index.php?rest_route=\/wp\/v2\/users\/1"}],"replies":[{"embeddable":true,"href":"https:\/\/marsbar.de\/index.php?rest_route=%2Fwp%2Fv2%2Fcomments&post=11"}],"version-history":[{"count":17,"href":"https:\/\/marsbar.de\/index.php?rest_route=\/wp\/v2\/pages\/11\/revisions"}],"predecessor-version":[{"id":2173,"href":"https:\/\/marsbar.de\/index.php?rest_route=\/wp\/v2\/pages\/11\/revisions\/2173"}],"wp:featuredmedia":[{"embeddable":true,"href":"https:\/\/marsbar.de\/index.php?rest_route=\/wp\/v2\/media\/2014"}],"wp:attachment":[{"href":"https:\/\/marsbar.de\/index.php?rest_route=%2Fwp%2Fv2%2Fmedia&parent=11"}],"curies":[{"name":"wp","href":"https:\/\/api.w.org\/{rel}","templated":true}]}}